{"id":6,"date":"2011-09-05T18:52:29","date_gmt":"2011-09-05T18:52:29","guid":{"rendered":"https:\/\/chor1.michelgerdes.de\/?page_id=2"},"modified":"2024-07-09T10:49:08","modified_gmt":"2024-07-09T08:49:08","slug":"beispiel-seite-2","status":"publish","type":"page","link":"https:\/\/frauenchor-sasel.de\/?page_id=6","title":{"rendered":"Willkommen beim Frauenchor Sasel"},"content":{"rendered":"\n<p>Unser Chor wurde 1929 in Hamburg-Sasel gegr\u00fcndet und ist dem Stadtteil bis heute verbunden. Er ist Mitglied im <a href=\"https:\/\/chorverband-hamburg.de\/\">Chorverband Hamburg.<\/a> Wir sind 38 aktive S\u00e4ngerinnen und singen drei- bis vierstimmige Chorliteratur aus verschiedenen Jahrhunderten in europ\u00e4ischen Sprachen. Gerne singen wir a cappella und ebenso gerne auch Kompositionen mit Klavierbegleitung.<\/p>\n\n\n\n<p>Wir sind mit Elan und Konzentration bei der Sache.<\/p>\n\n\n\n<p>Mehrmals im Jahr treten wir zu verschiedenen Anl\u00e4ssen auf, ein Auftritt bei der Er\u00f6ffnungsfeier des Saseler Heimatfestes steht jedes Jahr in unserem Plan.<\/p>\n\n\n\n<p>Das Hosting der Webseite www.frauenchor-sasel.de \u00fcbernimmt <a href=\"https:\/\/www.ionos.de\/\">IONOS<\/a>, webmaster ist Brigitte Balkow, eMail: pressesprecherin at frauenchor-sasel.de.<\/p>\n","protected":false},"excerpt":{"rendered":"<p>Unser Chor wurde 1929 in Hamburg-Sasel gegr\u00fcndet und ist dem Stadtteil bis heute verbunden. Er ist Mitglied im Chorverband Hamburg. Wir sind 38 aktive S\u00e4ngerinnen und singen drei- bis vierstimmige Chorliteratur aus verschiedenen Jahrhunderten in europ\u00e4ischen Sprachen. Gerne singen wir &hellip; <a href=\"https:\/\/frauenchor-sasel.de\/?page_id=6\">Weiterlesen <span class=\"meta-nav\">&rarr;<\/span><\/a><\/p>\n","protected":false},"author":1,"featured_media":0,"parent":0,"menu_order":0,"comment_status":"closed","ping_status":"closed","template":"","meta":{"footnotes":""},"class_list":["post-6","page","type-page","status-publish","hentry"],"_links":{"self":[{"href":"https:\/\/frauenchor-sasel.de\/index.php?rest_route=\/wp\/v2\/pages\/6","targetHints":{"allow":["GET"]}}],"collection":[{"href":"https:\/\/frauenchor-sasel.de\/index.php?rest_route=\/wp\/v2\/pages"}],"about":[{"href":"https:\/\/frauenchor-sasel.de\/index.php?rest_route=\/wp\/v2\/types\/page"}],"author":[{"embeddable":true,"href":"https:\/\/frauenchor-sasel.de\/index.php?rest_route=\/wp\/v2\/users\/1"}],"replies":[{"embeddable":true,"href":"https:\/\/frauenchor-sasel.de\/index.php?rest_route=%2Fwp%2Fv2%2Fcomments&post=6"}],"version-history":[{"count":5,"href":"https:\/\/frauenchor-sasel.de\/index.php?rest_route=\/wp\/v2\/pages\/6\/revisions"}],"predecessor-version":[{"id":3417,"href":"https:\/\/frauenchor-sasel.de\/index.php?rest_route=\/wp\/v2\/pages\/6\/revisions\/3417"}],"wp:attachment":[{"href":"https:\/\/frauenchor-sasel.de\/index.php?rest_route=%2Fwp%2Fv2%2Fmedia&parent=6"}],"curies":[{"name":"wp","href":"https:\/\/api.w.org\/{rel}","templated":true}]}}