{"id":38,"date":"2011-09-09T20:51:26","date_gmt":"2011-09-09T20:51:26","guid":{"rendered":"http:\/\/chor1.michelgerdes.de\/?page_id=38"},"modified":"2026-01-31T17:48:27","modified_gmt":"2026-01-31T16:48:27","slug":"warum-singen","status":"publish","type":"page","link":"https:\/\/frauenchor-sasel.de\/?page_id=38","title":{"rendered":"Singen im Verein"},"content":{"rendered":"<p>Wir S\u00e4ngerinnen haben im Frauenchor Sasel die M\u00f6glichkeit<\/p>\n<ul>\n<li>die eigene Freude beim Singen auszuleben,<\/li>\n<li>die Stimme durch professionelle Stimmbildung fortzubilden,<\/li>\n<li>Chormusik aller Epochen kennen zu lernen,<\/li>\n<li>bei Konzerten und Wettbewerben aufzutreten,<\/li>\n<li>in Chorprojekten musikalische Erfahrungen zu erweitern,<\/li>\n<li>Frauen aus Hamburgs Norden zu begegnen,<\/li>\n<li>eine herzliche Gemeinschaft zu erleben,<\/li>\n<li>an Chorwochenenden teilzunehmen<\/li>\n<\/ul>\n<p><strong>Notenkenntnisse und Erfahrung n\u00f6tig ?<\/strong><br \/>\nWir suchen Frauen, die bereits in einem Chor gesungen und Notenkenntnisse haben.<br \/>\n<strong>Probezeit ?<\/strong><br \/>\nInteressentinnen k\u00f6nnen in ihrer Stimmlage mitsingen. Wer unsicher ist \u00fcber die geeignete Stimmlage, kann sich bei einem Vorsingen von unserem Chorleiter einsch\u00e4tzen lassen.<br \/>\nWir denken, dass sich eine neue Mits\u00e4ngerin sp\u00e4testens nach der dritten Probe entscheiden sollte, ob sie weiter bei uns mitsingen m\u00f6chte.<br \/>\n<strong>Zeitaufwand ?<\/strong><br \/>\nDie w\u00f6chentlichen Chorproben finden jeden Donnerstag von 19:30 bis 22:00 Uhr statt. Nur w\u00e4hrend der Sommerschulferien und um Weihnachten herum fallen sie aus.<br \/>\nEinmal im Jahr fahren wir meist zu einem Proben-Wochenende mit \u00dcbernachtung in die n\u00e4here Umgebung von Hamburg.<br \/>\nH\u00e4ufig ergeben sich aktuell Gelegenheiten f\u00fcr Ausfl\u00fcge oder gemeinsame Konzertbesuche, die eine M\u00f6glichkeit darstellen, jedoch nicht verbindlich sind.<br \/>\n<strong>Was kostet es ?<\/strong><br \/>\nZur Finanzierung unserer Aktivit\u00e4ten (Chorleiter, Noten etc.) erheben wir als Verein einen Mitgliedsbeitrag. Dar\u00fcber hinaus muss auch die (freiwillige) Teilnahme am Chorwochenende bezahlt werden.<\/p>\n","protected":false},"excerpt":{"rendered":"<p>Wir S\u00e4ngerinnen haben im Frauenchor Sasel die M\u00f6glichkeit die eigene Freude beim Singen auszuleben, die Stimme durch professionelle Stimmbildung fortzubilden, Chormusik aller Epochen kennen zu lernen, bei Konzerten und Wettbewerben aufzutreten, in Chorprojekten musikalische Erfahrungen zu erweitern, Frauen aus Hamburgs &hellip; <a href=\"https:\/\/frauenchor-sasel.de\/?page_id=38\">Weiterlesen <span class=\"meta-nav\">&rarr;<\/span><\/a><\/p>\n","protected":false},"author":1,"featured_media":0,"parent":0,"menu_order":0,"comment_status":"closed","ping_status":"closed","template":"","meta":{"footnotes":""},"class_list":["post-38","page","type-page","status-publish","hentry"],"_links":{"self":[{"href":"https:\/\/frauenchor-sasel.de\/index.php?rest_route=\/wp\/v2\/pages\/38","targetHints":{"allow":["GET"]}}],"collection":[{"href":"https:\/\/frauenchor-sasel.de\/index.php?rest_route=\/wp\/v2\/pages"}],"about":[{"href":"https:\/\/frauenchor-sasel.de\/index.php?rest_route=\/wp\/v2\/types\/page"}],"author":[{"embeddable":true,"href":"https:\/\/frauenchor-sasel.de\/index.php?rest_route=\/wp\/v2\/users\/1"}],"replies":[{"embeddable":true,"href":"https:\/\/frauenchor-sasel.de\/index.php?rest_route=%2Fwp%2Fv2%2Fcomments&post=38"}],"version-history":[{"count":3,"href":"https:\/\/frauenchor-sasel.de\/index.php?rest_route=\/wp\/v2\/pages\/38\/revisions"}],"predecessor-version":[{"id":3570,"href":"https:\/\/frauenchor-sasel.de\/index.php?rest_route=\/wp\/v2\/pages\/38\/revisions\/3570"}],"wp:attachment":[{"href":"https:\/\/frauenchor-sasel.de\/index.php?rest_route=%2Fwp%2Fv2%2Fmedia&parent=38"}],"curies":[{"name":"wp","href":"https:\/\/api.w.org\/{rel}","templated":true}]}}