{"id":276,"date":"2011-12-24T21:53:43","date_gmt":"2011-12-24T20:53:43","guid":{"rendered":"http:\/\/www.frauenchor-sasel.de\/?page_id=276"},"modified":"2011-12-24T21:53:43","modified_gmt":"2011-12-24T20:53:43","slug":"disclaimer","status":"publish","type":"page","link":"https:\/\/frauenchor-sasel.de\/?page_id=276","title":{"rendered":"Disclaimer"},"content":{"rendered":"<p>Die Inhalte unserer Seiten wurden mit gr\u00f6\u00dfter Sorgfalt erstellt. F\u00fcr die Richtigkeit, Vollst\u00e4ndigkeit und Aktualit\u00e4t der Inhalte k\u00f6nnen wir jedoch keine Gew\u00e4hr \u00fcbernehmen.<br \/>\nAuf unseren Seiten befinden sich Links zu Internet-Seiten, auf deren Inhalt wir keinen Einfluss haben. Daher k\u00f6nnen wir f\u00fcr diese fremden Inhalte auch keine Verantwortung \u00fcbernehmen. Zum Zeitpunkt der \u00dcberpr\u00fcfung befanden sich dort einwandfreie Inhalte!<br \/>\nDownloads und Kopien unserer Seiten sind nur f\u00fcr den privaten Gebrauch gestattet.<\/p>\n","protected":false},"excerpt":{"rendered":"<p>Die Inhalte unserer Seiten wurden mit gr\u00f6\u00dfter Sorgfalt erstellt. F\u00fcr die Richtigkeit, Vollst\u00e4ndigkeit und Aktualit\u00e4t der Inhalte k\u00f6nnen wir jedoch keine Gew\u00e4hr \u00fcbernehmen. Auf unseren Seiten befinden sich Links zu Internet-Seiten, auf deren Inhalt wir keinen Einfluss haben. Daher k\u00f6nnen &hellip; <a href=\"https:\/\/frauenchor-sasel.de\/?page_id=276\">Weiterlesen <span class=\"meta-nav\">&rarr;<\/span><\/a><\/p>\n","protected":false},"author":1,"featured_media":0,"parent":55,"menu_order":0,"comment_status":"closed","ping_status":"open","template":"","meta":{"footnotes":""},"class_list":["post-276","page","type-page","status-publish","hentry"],"_links":{"self":[{"href":"https:\/\/frauenchor-sasel.de\/index.php?rest_route=\/wp\/v2\/pages\/276","targetHints":{"allow":["GET"]}}],"collection":[{"href":"https:\/\/frauenchor-sasel.de\/index.php?rest_route=\/wp\/v2\/pages"}],"about":[{"href":"https:\/\/frauenchor-sasel.de\/index.php?rest_route=\/wp\/v2\/types\/page"}],"author":[{"embeddable":true,"href":"https:\/\/frauenchor-sasel.de\/index.php?rest_route=\/wp\/v2\/users\/1"}],"replies":[{"embeddable":true,"href":"https:\/\/frauenchor-sasel.de\/index.php?rest_route=%2Fwp%2Fv2%2Fcomments&post=276"}],"version-history":[{"count":0,"href":"https:\/\/frauenchor-sasel.de\/index.php?rest_route=\/wp\/v2\/pages\/276\/revisions"}],"up":[{"embeddable":true,"href":"https:\/\/frauenchor-sasel.de\/index.php?rest_route=\/wp\/v2\/pages\/55"}],"wp:attachment":[{"href":"https:\/\/frauenchor-sasel.de\/index.php?rest_route=%2Fwp%2Fv2%2Fmedia&parent=276"}],"curies":[{"name":"wp","href":"https:\/\/api.w.org\/{rel}","templated":true}]}}