{"id":2281,"date":"2018-05-23T16:08:42","date_gmt":"2018-05-23T14:08:42","guid":{"rendered":"http:\/\/www.frauenchor-sasel.de\/?page_id=2281"},"modified":"2025-02-22T17:36:25","modified_gmt":"2025-02-22T16:36:25","slug":"datenschutz","status":"publish","type":"page","link":"https:\/\/frauenchor-sasel.de\/?page_id=2281","title":{"rendered":"Datenschutz"},"content":{"rendered":"<h2>Wer wir sind<\/h2>\n<p>Die Adresse unserer Website ist: https:\/\/www.frauenchor-sasel.de.<\/p>\n<h2>Datenschutz<\/h2>\n<p>Die Betreiber dieser Seiten nehmen den Schutz perso\u0308nlicher Daten sehr ernst. Wir behandeln personenbezogene Daten vertraulich und entsprechend der gesetzlichen Datenschutzvorschriften sowie dieser Datenschutzerkla\u0308rung.<br \/>\nDie Nutzung unserer Website ist ohne Angabe personenbezogener Daten mo\u0308glich.<br \/>\nDie Website ist mit WordPress erstellt. Standardm\u00e4\u00dfig sammelt WordPress keine personenbezogenen Daten \u00fcber Benutzer und sammelt nur die Daten, die im Profil eines registrierten Benutzers angezeigt werden. Standardm\u00e4\u00dfig sammelt WordPress keine Analysedaten.<br \/>\nWir weisen darauf hin, dass die Datenu\u0308bertragung im Internet (z.B. bei der Kommunikation per E-Mail) Sicherheitslu\u0308cken aufweisen kann. Ein lu\u0308ckenloser Schutz der Daten vor dem Zugriff durch Dritte ist nicht mo\u0308glich.<\/p>\n<h3>Server-Log-Files<\/h3>\n<p>Der Provider der Seiten erhebt und speichert automatisch Informationen in so genannten Server-Log Files, die Ihr Browser automatisch an uns u\u0308bermittelt. Dies sind:<\/p>\n<ul>\n<li>Browsertyp und Browserversion verwendetes Betriebssystem<\/li>\n<li>Referrer URL<\/li>\n<li>Hostname des zugreifenden Rechners Uhrzeit der Serveranfrage<\/li>\n<\/ul>\n<p>Diese Daten sind nicht bestimmten Personen zuordenbar. Eine Zusammenfu\u0308hrung dieser Daten mit anderen Datenquellen wird nicht vorgenommen.<\/p>\n<h3>Kontaktformular<\/h3>\n<p>Wir haben kein Kontaktformular. Sie k\u00f6nnen uns eine E-Mail an die angegebenen Adressen schicken. Die darin angegebenen Kontaktdaten werden zwecks Bearbeitung der Anfrage und fu\u0308r den Fall von Anschlussfragen bei uns gespeichert. Diese Daten geben wir nicht ohne Ihre Einwilligung weiter.<\/p>\n<h3>Browser Plugin<\/h3>\n<p>Sie ko\u0308nnen die Speicherung der Cookies durch eine entsprechende Einstellung Ihrer Browser-Software verhindern; wir weisen Sie jedoch darauf hin, dass Sie in diesem Fall gegebenenfalls nicht sa\u0308mtliche Funktionen dieser Website vollumfa\u0308nglich werden nutzen ko\u0308nnen. Sie ko\u0308nnen daru\u0308ber hinaus die Erfassung der durch den Cookie erzeugten und auf Ihre Nutzung der Website bezogenen Daten (inkl. Ihrer IP-Adresse) an Google sowie die Verarbeitung dieser Daten durch Google verhindern, indem Sie das <a href=\"https:\/\/tools.google.com\/dlpage\/gaoptout?hl=de\">unter diesem Link verfu\u0308gbare Browser-Plugin herunterladen und installieren<\/a>.<\/p>\n<h3>Recht auf Auskunft, Lo\u0308schung, Sperrung<\/h3>\n<p>Sie haben jederzeit das Recht auf unentgeltliche Auskunft u\u0308ber Ihre gespeicherten personenbezogenen Daten, deren Herkunft und Empfa\u0308nger und den Zweck der Datenverarbeitung sowie ein Recht auf Berichtigung, Sperrung oder Lo\u0308schung dieser Daten. Hierzu sowie zu weiteren Fragen zum Thema personenbezogener Daten ko\u0308nnen Sie sich jederzeit\u00a0an uns wenden unter der Adresse<br \/>\nBrigitte Balkow<br \/>\nDweerbl\u00f6cken 12 b<br \/>\n22393 Hamburg<br \/>\nTel 040 &#8211; 642 23 596<br \/>\neMail: vorsitzende at frauenchor-sasel.de<br \/>\nQuelle: <a href=\"https:\/\/www.e-recht24.de\/muster-datenschutzerklaerung.html\" target=\"_blank\" rel=\"noopener\">https:\/\/www.e-recht24.de\/muster-datenschutzerklaerung.html<\/a>.<\/p>\n","protected":false},"excerpt":{"rendered":"<p>Wer wir sind Die Adresse unserer Website ist: https:\/\/www.frauenchor-sasel.de. Datenschutz Die Betreiber dieser Seiten nehmen den Schutz perso\u0308nlicher Daten sehr ernst. Wir behandeln personenbezogene Daten vertraulich und entsprechend der gesetzlichen Datenschutzvorschriften sowie dieser Datenschutzerkla\u0308rung. Die Nutzung unserer Website ist ohne &hellip; <a href=\"https:\/\/frauenchor-sasel.de\/?page_id=2281\">Weiterlesen <span class=\"meta-nav\">&rarr;<\/span><\/a><\/p>\n","protected":false},"author":1,"featured_media":0,"parent":0,"menu_order":6,"comment_status":"closed","ping_status":"closed","template":"","meta":{"footnotes":""},"class_list":["post-2281","page","type-page","status-publish","hentry"],"_links":{"self":[{"href":"https:\/\/frauenchor-sasel.de\/index.php?rest_route=\/wp\/v2\/pages\/2281","targetHints":{"allow":["GET"]}}],"collection":[{"href":"https:\/\/frauenchor-sasel.de\/index.php?rest_route=\/wp\/v2\/pages"}],"about":[{"href":"https:\/\/frauenchor-sasel.de\/index.php?rest_route=\/wp\/v2\/types\/page"}],"author":[{"embeddable":true,"href":"https:\/\/frauenchor-sasel.de\/index.php?rest_route=\/wp\/v2\/users\/1"}],"replies":[{"embeddable":true,"href":"https:\/\/frauenchor-sasel.de\/index.php?rest_route=%2Fwp%2Fv2%2Fcomments&post=2281"}],"version-history":[{"count":4,"href":"https:\/\/frauenchor-sasel.de\/index.php?rest_route=\/wp\/v2\/pages\/2281\/revisions"}],"predecessor-version":[{"id":3490,"href":"https:\/\/frauenchor-sasel.de\/index.php?rest_route=\/wp\/v2\/pages\/2281\/revisions\/3490"}],"wp:attachment":[{"href":"https:\/\/frauenchor-sasel.de\/index.php?rest_route=%2Fwp%2Fv2%2Fmedia&parent=2281"}],"curies":[{"name":"wp","href":"https:\/\/api.w.org\/{rel}","templated":true}]}}