{"id":2272,"date":"2018-05-23T15:41:33","date_gmt":"2018-05-23T13:41:33","guid":{"rendered":"http:\/\/www.frauenchor-sasel.de\/?page_id=2272"},"modified":"2025-02-22T19:15:49","modified_gmt":"2025-02-22T18:15:49","slug":"impressum","status":"publish","type":"page","link":"https:\/\/frauenchor-sasel.de\/?page_id=2272","title":{"rendered":"Impressum"},"content":{"rendered":"<h1>Impressum des Frauenchor Sasel e.V.<\/h1>\n<h2>Verantwortlich f\u00fcr den Inhalt<\/h2>\n<p>Brigitte Balkow<br \/>\nDweerbl\u00f6cken 12 b<br \/>\n22393 Hamburg<br \/>\nTel 040 &#8211; 642 23 596<br \/>\neMail: vorsitzende at frauenchor-sasel.de<br \/>\n<strong>Registergericht:<\/strong> Amtsgericht Hamburg, <acronym title=\"Vereinsregister\">VR<\/acronym> 11821<\/p>\n<h3>Vertretungsberechtigter Vorstand<\/h3>\n<ul>\n<li>Brigitte Balkow, Vorsitzende<\/li>\n<li>Angela Jacob-Palm, stellvertretende Vorsitzende<\/li>\n<\/ul>\n<h3>Internetauftritt<\/h3>\n<p>Das<strong> Hosting<\/strong> der Webseite www.frauenchor-sasel.de \u00fcbernimmt 1&amp;1<strong>, webmaster<\/strong> ist Brigitte Balkow, eMail: pressesprecherin at frauenchor-sasel.de<\/p>\n<h3>Urheberrecht<\/h3>\n<p>Die Inhalte der Seiten unterliegen dem deutschen Urheberrecht. Beitr\u00e4ge Dritter sind als solche gekennzeichnet. Die Vervielf\u00e4ltigung, Bearbeitung, Verbreitung und jede Art der Verwertung au\u00dferhalb der Grenzen des Urheberrechtes bed\u00fcrfen der schriftlichen Zustimmung. Downloads und Kopien dieser Seiten sind nur f\u00fcr den privaten, nicht kommerziellen Gebrauch gestattet.<\/p>\n","protected":false},"excerpt":{"rendered":"<p>Impressum des Frauenchor Sasel e.V. Verantwortlich f\u00fcr den Inhalt Brigitte Balkow Dweerbl\u00f6cken 12 b 22393 Hamburg Tel 040 &#8211; 642 23 596 eMail: vorsitzende at frauenchor-sasel.de Registergericht: Amtsgericht Hamburg, VR 11821 Vertretungsberechtigter Vorstand Brigitte Balkow, Vorsitzende Angela Jacob-Palm, stellvertretende Vorsitzende &hellip; <a href=\"https:\/\/frauenchor-sasel.de\/?page_id=2272\">Weiterlesen <span class=\"meta-nav\">&rarr;<\/span><\/a><\/p>\n","protected":false},"author":1,"featured_media":0,"parent":0,"menu_order":2,"comment_status":"closed","ping_status":"closed","template":"","meta":{"footnotes":""},"class_list":["post-2272","page","type-page","status-publish","hentry"],"_links":{"self":[{"href":"https:\/\/frauenchor-sasel.de\/index.php?rest_route=\/wp\/v2\/pages\/2272","targetHints":{"allow":["GET"]}}],"collection":[{"href":"https:\/\/frauenchor-sasel.de\/index.php?rest_route=\/wp\/v2\/pages"}],"about":[{"href":"https:\/\/frauenchor-sasel.de\/index.php?rest_route=\/wp\/v2\/types\/page"}],"author":[{"embeddable":true,"href":"https:\/\/frauenchor-sasel.de\/index.php?rest_route=\/wp\/v2\/users\/1"}],"replies":[{"embeddable":true,"href":"https:\/\/frauenchor-sasel.de\/index.php?rest_route=%2Fwp%2Fv2%2Fcomments&post=2272"}],"version-history":[{"count":5,"href":"https:\/\/frauenchor-sasel.de\/index.php?rest_route=\/wp\/v2\/pages\/2272\/revisions"}],"predecessor-version":[{"id":3493,"href":"https:\/\/frauenchor-sasel.de\/index.php?rest_route=\/wp\/v2\/pages\/2272\/revisions\/3493"}],"wp:attachment":[{"href":"https:\/\/frauenchor-sasel.de\/index.php?rest_route=%2Fwp%2Fv2%2Fmedia&parent=2272"}],"curies":[{"name":"wp","href":"https:\/\/api.w.org\/{rel}","templated":true}]}}